{"id":8,"date":"2018-12-02T09:52:17","date_gmt":"2018-12-02T08:52:17","guid":{"rendered":"http:\/\/brel36.no\/?page_id=7"},"modified":"2026-04-10T10:53:32","modified_gmt":"2026-04-10T08:53:32","slug":"velkommen","status":"publish","type":"page","link":"https:\/\/www.jessheimhageby2.com\/","title":{"rendered":"Velkommen"},"content":{"rendered":"<p>Velkommen til Jessheim Hageby ll, et flott boligomr\u00e5de i hjertet av Jessheim.\u00a0<\/p>\n<p>For at vi sammen skal ha et godt bomilj\u00f8 er vi alle avhengig av at vi tar hensyn til hverandre. Vi ber deg derfor om at du setter deg inn i v\u00e5re Husordensregler.<\/p>\n<p>I v\u00e5re Vedtekter finner du blant annet informasjon om hva som gjelder rundt Vedlikehold (\u00a75), Bygningsmessige arbeider\/endringer (\u00a7 14) og Forsikring (\u00a715).<\/p>\n<p><strong>Om sameiet<\/strong><br \/>Jessheim Hageby II stod ferdig v\u00e5ren 2008. Omr\u00e5det best\u00e5r av 6 hus\/blokker i 3\/5 etasjer med heis fra garasjeanlegget opp i alle oppganger. <br \/>Sameiet best\u00e5r av 107 seksjoner &#8211; det er flere sameiere fordelt p\u00e5 seksjonene. Hver seksjon best\u00e5r av en sameieandel tilsvarende sameiebr\u00f8ken med tilknyttet enerett til bruk av en bestemt bruksenhet.<\/p>\n<p>Sammen med boligsameiet Jessheim Hageby I, inneholder Jessheim Hageby totalt 305 seksjoner.<\/p>\n<p>B\u00e5de sameie I og sameie lI er tilknyttet velforeningen &laquo;Romsaas Gr\u00f8nt Sameie&raquo;, som er organisert som et sameie. Dette sameiet forvalter de store gr\u00f8ntomr\u00e5dene p\u00e5 Sundby-jordet, og sammen med de andre sameiene\/borettslagene p\u00e5 Sundby-jordet er alle tilknyttet denne velforeningen.<\/p>\n<p><strong>Hjemmesiden<br \/><\/strong>P\u00e5 v\u00e5r hjemmeside finner du informasjon om styret, v\u00e5re husordensregler og vedtekter.<\/p>\n<p>Fanen &laquo;Nyttig informasjon&raquo; gir innsikt i Vakttelefon TOMA, Branninstruks, Lading av El-bil, Bomn\u00f8kkel, H\u00e5ndverkere, Gass, merking av Postkasse\/Ringeklokke, Parkering, Sikkerhet\/overv\u00e5king, Avfallsh\u00e5ndtering, Ventilasjon, Dyrehold og Taxi.\u00a0\u00a0<\/p>\n<p>Under &laquo;Relevante nyheter&raquo; legges det ut informasjon om for eksempel problemer med gasslevering, vask av garasjeanlegg og annet som skjer som er viktig \u00e5 f\u00e5 med seg.\u00a0<\/p>\n<p><strong>N\u00f8kler\/Port-\u00e5pner til garasje<\/strong><br \/>Har du behov for \u00e5 bestille n\u00f8kler eller port-\u00e5pner til garasje kan du kontakte styreleder.\u00a0<\/p>\n<p><strong>Kontakt styret<br \/><\/strong>Styreleder: Stig M. Kemi<br \/>E-postadresse: jessheimhageby2@styremail.no<br \/>Telefon: 482 14 777<\/p>\n<p>Det kan ogs\u00e5 legges skriftlige beskjeder i postkassen til Styreleder Stig M. Kemi, S\u00e5vegen 15.<\/p>\n<p><strong>G\u00e5rdsnummer\/Organisasjonsnummer<\/strong><br \/>Boligsameiet Jessheim Hageby II<br \/>Adresse S\u00e5vegen 9 &#8211; 19, 2050 Jessheim<br \/>G\u00e5rdsnummer 132, bruksnummer 264<br \/>Organisasjonsnummer: 992 783 281<\/p>\n\n\n<p><\/p>\n","protected":false},"excerpt":{"rendered":"<p>Velkommen til Jessheim Hageby ll, et flott boligomr\u00e5de i hjertet av Jessheim.\u00a0 For at vi sammen skal ha et godt bomilj\u00f8 er vi alle avhengig av at vi tar hensyn til hverandre. Vi ber deg derfor om at du setter deg inn i v\u00e5re Husordensregler. I v\u00e5re Vedtekter finner du blant annet informasjon om hva &#8230; <a title=\"Velkommen\" class=\"read-more\" href=\"https:\/\/www.jessheimhageby2.com\/\" aria-label=\"Read more about Velkommen\">Les mer<\/a><\/p>\n","protected":false},"author":1,"featured_media":236,"parent":0,"menu_order":3,"comment_status":"closed","ping_status":"closed","template":"","meta":{"footnotes":""},"class_list":["post-8","page","type-page","status-publish","has-post-thumbnail"],"_links":{"self":[{"href":"https:\/\/www.jessheimhageby2.com\/index.php?rest_route=\/wp\/v2\/pages\/8","targetHints":{"allow":["GET"]}}],"collection":[{"href":"https:\/\/www.jessheimhageby2.com\/index.php?rest_route=\/wp\/v2\/pages"}],"about":[{"href":"https:\/\/www.jessheimhageby2.com\/index.php?rest_route=\/wp\/v2\/types\/page"}],"author":[{"embeddable":true,"href":"https:\/\/www.jessheimhageby2.com\/index.php?rest_route=\/wp\/v2\/users\/1"}],"replies":[{"embeddable":true,"href":"https:\/\/www.jessheimhageby2.com\/index.php?rest_route=%2Fwp%2Fv2%2Fcomments&post=8"}],"version-history":[{"count":21,"href":"https:\/\/www.jessheimhageby2.com\/index.php?rest_route=\/wp\/v2\/pages\/8\/revisions"}],"predecessor-version":[{"id":1111,"href":"https:\/\/www.jessheimhageby2.com\/index.php?rest_route=\/wp\/v2\/pages\/8\/revisions\/1111"}],"wp:featuredmedia":[{"embeddable":true,"href":"https:\/\/www.jessheimhageby2.com\/index.php?rest_route=\/wp\/v2\/media\/236"}],"wp:attachment":[{"href":"https:\/\/www.jessheimhageby2.com\/index.php?rest_route=%2Fwp%2Fv2%2Fmedia&parent=8"}],"curies":[{"name":"wp","href":"https:\/\/api.w.org\/{rel}","templated":true}]}}