{"id":69,"date":"2018-12-03T21:30:00","date_gmt":"2018-12-03T20:30:00","guid":{"rendered":"http:\/\/brel36.no\/?page_id=69"},"modified":"2021-10-07T16:26:30","modified_gmt":"2021-10-07T14:26:30","slug":"taxi","status":"publish","type":"page","link":"https:\/\/www.jessheimhageby2.com\/?page_id=69","title":{"rendered":"Taxi"},"content":{"rendered":"<h2>TAXI til din adresse<\/h2>\n<p>Vi har avtale med \u00d8VRE ROMERIKE TAXI om at beboere i Jessheim Hageby, S\u00e5vegen, kan bestille bil som har med bomn\u00f8kkel.<\/p>\n<p>Dette gj\u00f8r at man kan hentes p\u00e5 sin adresse.<\/p>\n<p>Taxi bestilles p\u00e5 telefon\u00a0<strong>03550<\/strong>, be om bil med bomn\u00f8kkel.<\/p>\n","protected":false},"excerpt":{"rendered":"<p>TAXI til din adresse Vi har avtale med \u00d8VRE ROMERIKE TAXI om at beboere i Jessheim Hageby, S\u00e5vegen, kan bestille bil som har med bomn\u00f8kkel. Dette gj\u00f8r at man kan hentes p\u00e5 sin adresse. Taxi bestilles p\u00e5 telefon\u00a003550, be om bil med bomn\u00f8kkel.<\/p>\n","protected":false},"author":1,"featured_media":0,"parent":13,"menu_order":13,"comment_status":"closed","ping_status":"closed","template":"","meta":{"footnotes":""},"class_list":["post-69","page","type-page","status-publish"],"_links":{"self":[{"href":"https:\/\/www.jessheimhageby2.com\/index.php?rest_route=\/wp\/v2\/pages\/69","targetHints":{"allow":["GET"]}}],"collection":[{"href":"https:\/\/www.jessheimhageby2.com\/index.php?rest_route=\/wp\/v2\/pages"}],"about":[{"href":"https:\/\/www.jessheimhageby2.com\/index.php?rest_route=\/wp\/v2\/types\/page"}],"author":[{"embeddable":true,"href":"https:\/\/www.jessheimhageby2.com\/index.php?rest_route=\/wp\/v2\/users\/1"}],"replies":[{"embeddable":true,"href":"https:\/\/www.jessheimhageby2.com\/index.php?rest_route=%2Fwp%2Fv2%2Fcomments&post=69"}],"version-history":[{"count":3,"href":"https:\/\/www.jessheimhageby2.com\/index.php?rest_route=\/wp\/v2\/pages\/69\/revisions"}],"predecessor-version":[{"id":995,"href":"https:\/\/www.jessheimhageby2.com\/index.php?rest_route=\/wp\/v2\/pages\/69\/revisions\/995"}],"up":[{"embeddable":true,"href":"https:\/\/www.jessheimhageby2.com\/index.php?rest_route=\/wp\/v2\/pages\/13"}],"wp:attachment":[{"href":"https:\/\/www.jessheimhageby2.com\/index.php?rest_route=%2Fwp%2Fv2%2Fmedia&parent=69"}],"curies":[{"name":"wp","href":"https:\/\/api.w.org\/{rel}","templated":true}]}}