{"id":67,"date":"2018-12-03T21:29:44","date_gmt":"2018-12-03T20:29:44","guid":{"rendered":"http:\/\/brel36.no\/?page_id=67"},"modified":"2025-12-29T11:51:30","modified_gmt":"2025-12-29T10:51:30","slug":"postkasser","status":"publish","type":"page","link":"https:\/\/www.jessheimhageby2.com\/?page_id=67","title":{"rendered":"Postkasse\/ringeklokke"},"content":{"rendered":"<p><span style=\"color: #008000; font-family: inherit; font-size: 30px;\">Merking av postkasse<\/span><\/p>\n<p>For \u00e5 f\u00e5 en enhetlig merking av postkassene og ringeklokkene, skal disse merkes i henhold til det som er bestemt.<\/p>\n<p><strong><span style=\"color: #000000;\">Postkassene<\/span><\/strong><\/p>\n<p>Sameiet benytter Foldal Stempel AS for merking av postkassene. Skiltene er tilpasset \u00e5pningen i din postkasse. For bestilling av postkasseskilt, trykk <a href=\"http:\/\/www.foldal.no\/jessheimhageby2\">her<\/a>.<\/p>\n<p><em>Per april 2024 koster et postkasseskilt NOK 172 inkl. frakt<\/em><\/p>\n<p>Merk at du kun kan bestille fra Foldal Stempel AS da disse m\u00e5lene passer v\u00e5re postkasser, og at postkassene ikke skal merkes p\u00e5 annen m\u00e5te.<\/p>\n<p>Skiltet settes inn fra innsiden av din postkasse.\u00a0<\/p>\n<p>Vil du unng\u00e5 uadressert reklame kan du benytte klistremerker fra Posten, hvorp\u00e5 n\u00e6rmeste filial ligger p\u00e5 Obs!<\/p>\n<p>Skilt i annen utf\u00f8relse og st\u00f8rrelse vil bli fjernet.<\/p>\n<p><strong>Ringeklokker<\/strong><\/p>\n<p>Ved skifting av navn p\u00e5 ringeklokke, send \u00f8nsket navn til styret p\u00e5 mail: jessheimhageby2@styremail.no<\/p>\n\n\n<p><\/p>\n","protected":false},"excerpt":{"rendered":"<p>Merking av postkasse For \u00e5 f\u00e5 en enhetlig merking av postkassene og ringeklokkene, skal disse merkes i henhold til det som er bestemt. Postkassene Sameiet benytter Foldal Stempel AS for merking av postkassene. Skiltene er tilpasset \u00e5pningen i din postkasse. For bestilling av postkasseskilt, trykk her. Per april 2024 koster et postkasseskilt NOK 172 inkl. &#8230; <a title=\"Postkasse\/ringeklokke\" class=\"read-more\" href=\"https:\/\/www.jessheimhageby2.com\/?page_id=67\" aria-label=\"Read more about Postkasse\/ringeklokke\">Les mer<\/a><\/p>\n","protected":false},"author":1,"featured_media":0,"parent":13,"menu_order":4,"comment_status":"closed","ping_status":"closed","template":"","meta":{"footnotes":""},"class_list":["post-67","page","type-page","status-publish"],"_links":{"self":[{"href":"https:\/\/www.jessheimhageby2.com\/index.php?rest_route=\/wp\/v2\/pages\/67","targetHints":{"allow":["GET"]}}],"collection":[{"href":"https:\/\/www.jessheimhageby2.com\/index.php?rest_route=\/wp\/v2\/pages"}],"about":[{"href":"https:\/\/www.jessheimhageby2.com\/index.php?rest_route=\/wp\/v2\/types\/page"}],"author":[{"embeddable":true,"href":"https:\/\/www.jessheimhageby2.com\/index.php?rest_route=\/wp\/v2\/users\/1"}],"replies":[{"embeddable":true,"href":"https:\/\/www.jessheimhageby2.com\/index.php?rest_route=%2Fwp%2Fv2%2Fcomments&post=67"}],"version-history":[{"count":20,"href":"https:\/\/www.jessheimhageby2.com\/index.php?rest_route=\/wp\/v2\/pages\/67\/revisions"}],"predecessor-version":[{"id":1014,"href":"https:\/\/www.jessheimhageby2.com\/index.php?rest_route=\/wp\/v2\/pages\/67\/revisions\/1014"}],"up":[{"embeddable":true,"href":"https:\/\/www.jessheimhageby2.com\/index.php?rest_route=\/wp\/v2\/pages\/13"}],"wp:attachment":[{"href":"https:\/\/www.jessheimhageby2.com\/index.php?rest_route=%2Fwp%2Fv2%2Fmedia&parent=67"}],"curies":[{"name":"wp","href":"https:\/\/api.w.org\/{rel}","templated":true}]}}