{"id":65,"date":"2018-12-03T21:29:21","date_gmt":"2018-12-03T20:29:21","guid":{"rendered":"http:\/\/brel36.no\/?page_id=65"},"modified":"2024-12-09T10:33:34","modified_gmt":"2024-12-09T09:33:34","slug":"handverkere","status":"publish","type":"page","link":"https:\/\/www.jessheimhageby2.com\/?page_id=65","title":{"rendered":"H\u00e5ndverkere"},"content":{"rendered":"<h2>Behov for h\u00e5ndverkere<\/h2>\n<pre><em>Oppdatert 7. oktober 2021<\/em><\/pre>\n<p>Vi har avtale med en rekke h\u00e5ndverkere som kan benyttes av beboere ved behov.<\/p>\n<table border=\"0\" width=\"572\" cellspacing=\"0\" cellpadding=\"0\">\n<tbody>\n<tr>\n<td width=\"197\"><strong>FIRMA<\/strong><\/td>\n<td width=\"273\"><strong>BEHOV<\/strong><\/td>\n<td width=\"102\"><strong>TELEFON<\/strong><\/td>\n<\/tr>\n<tr>\n<td>Alfa Olis Gass &amp; VVS AS<\/td>\n<td>Kontaktes ved sp\u00f8rsm\u00e5l om peis<\/td>\n<td>23 24 40 30<\/td>\n<\/tr>\n<tr>\n<td>Romerike Klimaservice AS<\/td>\n<td>Kontaktes ved sp\u00f8rsm\u00e5l om kj\u00f8kkenventilator<\/td>\n<td>95 42 09 95<\/td>\n<\/tr>\n<tr>\n<td>Gardemoen Elektro AS<\/td>\n<td>Kontaktes ved behov for elektriker<\/td>\n<td>63 94 89 00<\/td>\n<\/tr>\n<tr>\n<td>Aneo<\/td>\n<td>Kontaktes ved behov for montering av ladestasjon\/feil p\u00e5 ladestasjon<\/td>\n<td>464 26 000<\/td>\n<\/tr>\n<tr>\n<td>Alfa skadeservice AS<\/td>\n<td>Utf\u00f8rer t\u00f8mrer\/snekkerarbeid\/maling<\/td>\n<td>99 55 45 55<\/td>\n<\/tr>\n<tr>\n<td>Borgen r\u00f8rleggerbedrift AS<\/td>\n<td>Kontaktes ved behov for r\u00f8rleggertjenester<\/td>\n<td>91 82 62 07<\/td>\n<\/tr>\n<\/tbody>\n<\/table>\n","protected":false},"excerpt":{"rendered":"<p>Behov for h\u00e5ndverkere Oppdatert 7. oktober 2021 Vi har avtale med en rekke h\u00e5ndverkere som kan benyttes av beboere ved behov. FIRMA BEHOV TELEFON Alfa Olis Gass &amp; VVS AS Kontaktes ved sp\u00f8rsm\u00e5l om peis 23 24 40 30 Romerike Klimaservice AS Kontaktes ved sp\u00f8rsm\u00e5l om kj\u00f8kkenventilator 95 42 09 95 Gardemoen Elektro AS Kontaktes &#8230; <a title=\"H\u00e5ndverkere\" class=\"read-more\" href=\"https:\/\/www.jessheimhageby2.com\/?page_id=65\" aria-label=\"Read more about H\u00e5ndverkere\">Les mer<\/a><\/p>\n","protected":false},"author":1,"featured_media":0,"parent":13,"menu_order":3,"comment_status":"closed","ping_status":"closed","template":"","meta":{"footnotes":""},"class_list":["post-65","page","type-page","status-publish"],"_links":{"self":[{"href":"https:\/\/www.jessheimhageby2.com\/index.php?rest_route=\/wp\/v2\/pages\/65","targetHints":{"allow":["GET"]}}],"collection":[{"href":"https:\/\/www.jessheimhageby2.com\/index.php?rest_route=\/wp\/v2\/pages"}],"about":[{"href":"https:\/\/www.jessheimhageby2.com\/index.php?rest_route=\/wp\/v2\/types\/page"}],"author":[{"embeddable":true,"href":"https:\/\/www.jessheimhageby2.com\/index.php?rest_route=\/wp\/v2\/users\/1"}],"replies":[{"embeddable":true,"href":"https:\/\/www.jessheimhageby2.com\/index.php?rest_route=%2Fwp%2Fv2%2Fcomments&post=65"}],"version-history":[{"count":6,"href":"https:\/\/www.jessheimhageby2.com\/index.php?rest_route=\/wp\/v2\/pages\/65\/revisions"}],"predecessor-version":[{"id":989,"href":"https:\/\/www.jessheimhageby2.com\/index.php?rest_route=\/wp\/v2\/pages\/65\/revisions\/989"}],"up":[{"embeddable":true,"href":"https:\/\/www.jessheimhageby2.com\/index.php?rest_route=\/wp\/v2\/pages\/13"}],"wp:attachment":[{"href":"https:\/\/www.jessheimhageby2.com\/index.php?rest_route=%2Fwp%2Fv2%2Fmedia&parent=65"}],"curies":[{"name":"wp","href":"https:\/\/api.w.org\/{rel}","templated":true}]}}