{"id":61,"date":"2018-12-03T21:28:38","date_gmt":"2018-12-03T20:28:38","guid":{"rendered":"http:\/\/brel36.no\/?page_id=61"},"modified":"2021-10-07T15:13:58","modified_gmt":"2021-10-07T13:13:58","slug":"ventilasjon","status":"publish","type":"page","link":"https:\/\/www.jessheimhageby2.com\/?page_id=61","title":{"rendered":"Ventilasjon"},"content":{"rendered":"<h2>Kj\u00f8kkenventilator<\/h2>\n<p><strong>Romerike Klimaservice AS<\/strong> er ansvarlig for service og vedlikehold av ventilasjonsanlegget.<b><br \/>\n<\/b>Den enkelte beboer kan ringe <strong>954 20\u00a0995\u00a0<\/strong>for ettersyn av kj\u00f8kkenventilator.<br \/>\nTjenesten faktureres huseier\/beboer.<\/p>\n<p><strong><em>OBS! OBS! OBS!<\/em><br \/>\n<\/strong>Vi har styrt ventilasjon i v\u00e5re leiligheter. Det er en vifte p\u00e5 taket p\u00e5 hvert hus som s\u00f8rger for avtrekk gjennom kj\u00f8kkenventilatoren.<br \/>\nVed eventuell renovasjon av kj\u00f8kken, m\u00e5 det <strong>IKKE SETTES INN KJ\u00d8KKENVENTILATOR MED MOTOR!<br \/>\n<\/strong>Dette skaper ubalanse i systemet, og forringer avtrekket for alle andre.<\/p>\n","protected":false},"excerpt":{"rendered":"<p>Kj\u00f8kkenventilator Romerike Klimaservice AS er ansvarlig for service og vedlikehold av ventilasjonsanlegget. Den enkelte beboer kan ringe 954 20\u00a0995\u00a0for ettersyn av kj\u00f8kkenventilator. Tjenesten faktureres huseier\/beboer. OBS! OBS! OBS! Vi har styrt ventilasjon i v\u00e5re leiligheter. Det er en vifte p\u00e5 taket p\u00e5 hvert hus som s\u00f8rger for avtrekk gjennom kj\u00f8kkenventilatoren. Ved eventuell renovasjon av kj\u00f8kken, &#8230; <a title=\"Ventilasjon\" class=\"read-more\" href=\"https:\/\/www.jessheimhageby2.com\/?page_id=61\" aria-label=\"Read more about Ventilasjon\">Les mer<\/a><\/p>\n","protected":false},"author":1,"featured_media":0,"parent":13,"menu_order":7,"comment_status":"closed","ping_status":"closed","template":"","meta":{"footnotes":""},"class_list":["post-61","page","type-page","status-publish"],"_links":{"self":[{"href":"https:\/\/www.jessheimhageby2.com\/index.php?rest_route=\/wp\/v2\/pages\/61","targetHints":{"allow":["GET"]}}],"collection":[{"href":"https:\/\/www.jessheimhageby2.com\/index.php?rest_route=\/wp\/v2\/pages"}],"about":[{"href":"https:\/\/www.jessheimhageby2.com\/index.php?rest_route=\/wp\/v2\/types\/page"}],"author":[{"embeddable":true,"href":"https:\/\/www.jessheimhageby2.com\/index.php?rest_route=\/wp\/v2\/users\/1"}],"replies":[{"embeddable":true,"href":"https:\/\/www.jessheimhageby2.com\/index.php?rest_route=%2Fwp%2Fv2%2Fcomments&post=61"}],"version-history":[{"count":3,"href":"https:\/\/www.jessheimhageby2.com\/index.php?rest_route=\/wp\/v2\/pages\/61\/revisions"}],"predecessor-version":[{"id":576,"href":"https:\/\/www.jessheimhageby2.com\/index.php?rest_route=\/wp\/v2\/pages\/61\/revisions\/576"}],"up":[{"embeddable":true,"href":"https:\/\/www.jessheimhageby2.com\/index.php?rest_route=\/wp\/v2\/pages\/13"}],"wp:attachment":[{"href":"https:\/\/www.jessheimhageby2.com\/index.php?rest_route=%2Fwp%2Fv2%2Fmedia&parent=61"}],"curies":[{"name":"wp","href":"https:\/\/api.w.org\/{rel}","templated":true}]}}