{"id":59,"date":"2018-12-03T21:28:10","date_gmt":"2018-12-03T20:28:10","guid":{"rendered":"http:\/\/brel36.no\/?page_id=59"},"modified":"2024-12-09T10:58:25","modified_gmt":"2024-12-09T09:58:25","slug":"dyrehold","status":"publish","type":"page","link":"https:\/\/www.jessheimhageby2.com\/?page_id=59","title":{"rendered":"Dyrehold"},"content":{"rendered":"<p>Det har etterhvert blitt ganske mange som har hund eller katt i sameiet.<\/p>\n<p>Ikke alle er like flinke til \u00e5 etterleve de regler som gjelder for dyrehold. Vi registrerer at det ligger hunde-\/kattem\u00f8kk p\u00e5 plener inne p\u00e5 sameiets omr\u00e5de.<\/p>\n<p>Dette er helt uakseptabelt, og vitner om uansvarlige eiere.<\/p>\n<p><strong>I Husordensreglenes \u00a7 5 st\u00e5r det:<br \/>\n<\/strong><em>&laquo;Husdyrhold er kun tillat om det s\u00f8kes styret om dette. Dyr som hjelp ved handikap eller tjeneste er unntatt dette.<\/em><\/p>\n<p><em>Det er ikke tillatt \u00e5 holde reptiler.<\/em><\/p>\n<p><em>Skriftlig s\u00f8knad med opplysninger om dyret og begrunnelse for dyreholdet leveres styret som vil ta dette opp til vurdering og avklaring\/godkjennelse.<\/em><\/p>\n<p><em>Seksjoner som har f\u00e5tt innvilget s\u00f8knad om dyrehold m\u00e5 passe dyret p\u00e5 en slik m\u00e5te at det ikke \u00f8delegger, st\u00f8yer eller er sjenerende for \u00f8vrige sameiere p\u00e5 andre m\u00e5ter.<\/em><\/p>\n<p><em>Det er ikke tillatt \u00e5 lufte dyret p\u00e5 Sameiets fellesomr\u00e5der.&raquo;<\/em><\/p>\n<h3>De som ikke etterlever reglene, risikere dessverre \u00e5 miste retten til dyrehold.<\/h3>\n","protected":false},"excerpt":{"rendered":"<p>Det har etterhvert blitt ganske mange som har hund eller katt i sameiet. Ikke alle er like flinke til \u00e5 etterleve de regler som gjelder for dyrehold. Vi registrerer at det ligger hunde-\/kattem\u00f8kk p\u00e5 plener inne p\u00e5 sameiets omr\u00e5de. Dette er helt uakseptabelt, og vitner om uansvarlige eiere. I Husordensreglenes \u00a7 5 st\u00e5r det: &laquo;Husdyrhold &#8230; <a title=\"Dyrehold\" class=\"read-more\" href=\"https:\/\/www.jessheimhageby2.com\/?page_id=59\" aria-label=\"Read more about Dyrehold\">Les mer<\/a><\/p>\n","protected":false},"author":1,"featured_media":0,"parent":13,"menu_order":8,"comment_status":"closed","ping_status":"closed","template":"","meta":{"footnotes":""},"class_list":["post-59","page","type-page","status-publish"],"_links":{"self":[{"href":"https:\/\/www.jessheimhageby2.com\/index.php?rest_route=\/wp\/v2\/pages\/59","targetHints":{"allow":["GET"]}}],"collection":[{"href":"https:\/\/www.jessheimhageby2.com\/index.php?rest_route=\/wp\/v2\/pages"}],"about":[{"href":"https:\/\/www.jessheimhageby2.com\/index.php?rest_route=\/wp\/v2\/types\/page"}],"author":[{"embeddable":true,"href":"https:\/\/www.jessheimhageby2.com\/index.php?rest_route=\/wp\/v2\/users\/1"}],"replies":[{"embeddable":true,"href":"https:\/\/www.jessheimhageby2.com\/index.php?rest_route=%2Fwp%2Fv2%2Fcomments&post=59"}],"version-history":[{"count":3,"href":"https:\/\/www.jessheimhageby2.com\/index.php?rest_route=\/wp\/v2\/pages\/59\/revisions"}],"predecessor-version":[{"id":994,"href":"https:\/\/www.jessheimhageby2.com\/index.php?rest_route=\/wp\/v2\/pages\/59\/revisions\/994"}],"up":[{"embeddable":true,"href":"https:\/\/www.jessheimhageby2.com\/index.php?rest_route=\/wp\/v2\/pages\/13"}],"wp:attachment":[{"href":"https:\/\/www.jessheimhageby2.com\/index.php?rest_route=%2Fwp%2Fv2%2Fmedia&parent=59"}],"curies":[{"name":"wp","href":"https:\/\/api.w.org\/{rel}","templated":true}]}}