{"id":57,"date":"2018-12-03T21:27:48","date_gmt":"2018-12-03T20:27:48","guid":{"rendered":"http:\/\/brel36.no\/?page_id=57"},"modified":"2023-06-27T14:12:08","modified_gmt":"2023-06-27T12:12:08","slug":"soppel","status":"publish","type":"page","link":"https:\/\/www.jessheimhageby2.com\/?page_id=57","title":{"rendered":"Avfallsh\u00e5ndtering"},"content":{"rendered":"<h2>All\u00a0s\u00f8ppel\u00a0skal kildesorteres<\/h2>\n<p><em>(English: see bottom)<\/em><\/p>\n<p>I Jessheim Hageby II er vi milj\u00f8bevisste &#8211; og vi oppfordrer alle v\u00e5re sameiere til \u00e5 kildesortere. Alle forhold ligger til rette, og f\u00f8lgende kan kildesorteres med avlevering i v\u00e5re egne avfallsboder:<\/p>\n<ul>\n<li>Matavfall<\/li>\n<li>Restavfall<\/li>\n<li>Papp &amp;\u00a0papir<\/li>\n<li>Plast<\/li>\n<\/ul>\n<p>Til\u00a0<em><strong>matavfallet<\/strong><\/em>\u00a0finnes det gr\u00f8nne plastposer i avfallsbodene. Dette skal i sin tur legges i konteineren med mat\/restavfall.<\/p>\n<p><em><strong>Papp\u00a0&amp; papir<\/strong><\/em>\u00a0skal i konteineren merket papp\/papir. Alle pappesker skal sl\u00e5s i sammen slik at de tar minst mulig plass.<\/p>\n<p>Isopor skal i <em><strong>restavfall<\/strong><\/em>.<\/p>\n<p><em><strong>Plast<\/strong>\u00a0<\/em>skal i egne gjennomsiktige sekker som lagres innerst i avfallsbodene. Alle\u00a0avfallsboder\u00a0skal ha egne\u00a0stativer til disse sekkene. Mangler dette i din avfallsbod kan du gi beskjed til styret.<\/p>\n<p>Det er ikke lov \u00e5 bruke sorte store s\u00f8ppelsekker, disse vil renovat\u00f8ren fjerne fra konteineren og sameiet m\u00e5 fjerne dette for egen kostnad.<\/p>\n<p>Vi ber innstendig om at dette f\u00f8lges, se oppslag i avfallsbodene. Sameiet har sv\u00e6rt h\u00f8ye ekstrakostnader fordi\u00a0det i ettertid m\u00e5 betales ekstra for \u00e5 rydde opp etter de som ikke overholder dette.<\/p>\n<p>All annen s\u00f8ppel leverer du selv\u00a0p\u00e5 \u00d8RAS sin milj\u00f8stasjon ved Dal.<br \/>\n<a href=\"http:\/\/www.oeras.no\/\">http:\/\/www.oeras.no<\/a><\/p>\n<p>Om du lurer p\u00e5 noe vedr\u00f8rende s\u00f8ppel og s\u00f8ppelsortering er du velkommen til \u00e5 kontakte\u00a0styret, eller Ullensaker kommune ved Servicetorget.<\/p>\n<h2>All garbage is to be\u00a0recycled<\/h2>\n<p>In Jessheim Hageby II we care about our enviroment. We therefore kindly ask you to sort all garbage. We have our own garbage-house, and here you can deliver the following:<\/p>\n<ul>\n<li>Food waste &#8211; <em>Green bags<\/em><\/li>\n<li>Waste &#8211; <em>Plastic shopping bags<\/em><\/li>\n<li>Cardboard &amp;\u00a0paper<\/li>\n<li>Plastic &#8211; <em>Separate transparent bags<\/em><\/li>\n<\/ul>\n<p>Please note that it is not allowed to use &#8216;big black garbage bags&#8217;, these will be removed and we have to pay extra for this.<\/p>\n<p>We ask you to follow the rules regarding all kinds of garbage, we have very high additional costs because some residents do not always comply with the regulations.<\/p>\n<p>All other garbadge you can deliver at \u00d8RAS recycling facility nearby Dal.<br \/>\n<a href=\"http:\/\/www.oeras.no\/\">http:\/\/www.oeras.no<\/a><\/p>\n<p>If you have any questions regarding garbage, please contact the Board or Ullensaker kommune.<\/p>\n","protected":false},"excerpt":{"rendered":"<p>All\u00a0s\u00f8ppel\u00a0skal kildesorteres (English: see bottom) I Jessheim Hageby II er vi milj\u00f8bevisste &#8211; og vi oppfordrer alle v\u00e5re sameiere til \u00e5 kildesortere. Alle forhold ligger til rette, og f\u00f8lgende kan kildesorteres med avlevering i v\u00e5re egne avfallsboder: Matavfall Restavfall Papp &amp;\u00a0papir Plast Til\u00a0matavfallet\u00a0finnes det gr\u00f8nne plastposer i avfallsbodene. Dette skal i sin tur legges i &#8230; <a title=\"Avfallsh\u00e5ndtering\" class=\"read-more\" href=\"https:\/\/www.jessheimhageby2.com\/?page_id=57\" aria-label=\"Read more about Avfallsh\u00e5ndtering\">Les mer<\/a><\/p>\n","protected":false},"author":1,"featured_media":0,"parent":13,"menu_order":7,"comment_status":"closed","ping_status":"closed","template":"","meta":{"footnotes":""},"class_list":["post-57","page","type-page","status-publish"],"_links":{"self":[{"href":"https:\/\/www.jessheimhageby2.com\/index.php?rest_route=\/wp\/v2\/pages\/57","targetHints":{"allow":["GET"]}}],"collection":[{"href":"https:\/\/www.jessheimhageby2.com\/index.php?rest_route=\/wp\/v2\/pages"}],"about":[{"href":"https:\/\/www.jessheimhageby2.com\/index.php?rest_route=\/wp\/v2\/types\/page"}],"author":[{"embeddable":true,"href":"https:\/\/www.jessheimhageby2.com\/index.php?rest_route=\/wp\/v2\/users\/1"}],"replies":[{"embeddable":true,"href":"https:\/\/www.jessheimhageby2.com\/index.php?rest_route=%2Fwp%2Fv2%2Fcomments&post=57"}],"version-history":[{"count":5,"href":"https:\/\/www.jessheimhageby2.com\/index.php?rest_route=\/wp\/v2\/pages\/57\/revisions"}],"predecessor-version":[{"id":835,"href":"https:\/\/www.jessheimhageby2.com\/index.php?rest_route=\/wp\/v2\/pages\/57\/revisions\/835"}],"up":[{"embeddable":true,"href":"https:\/\/www.jessheimhageby2.com\/index.php?rest_route=\/wp\/v2\/pages\/13"}],"wp:attachment":[{"href":"https:\/\/www.jessheimhageby2.com\/index.php?rest_route=%2Fwp%2Fv2%2Fmedia&parent=57"}],"curies":[{"name":"wp","href":"https:\/\/api.w.org\/{rel}","templated":true}]}}