{"id":53,"date":"2018-12-03T21:27:18","date_gmt":"2018-12-03T20:27:18","guid":{"rendered":"http:\/\/brel36.no\/?page_id=53"},"modified":"2021-10-07T15:59:53","modified_gmt":"2021-10-07T13:59:53","slug":"sikkerhet-overvaking","status":"publish","type":"page","link":"https:\/\/www.jessheimhageby2.com\/?page_id=53","title":{"rendered":"Sikkerhet\/overv\u00e5king"},"content":{"rendered":"<div class=\"heading\">\n<h2 class=\"page-title\">Jessheim Hageby ll er videooverv\u00e5ket<\/h2>\n<\/div>\n<div class=\"content\">\n<div class=\"section\">\n<div class=\"content\"><b><span style=\"font-size: medium;\"><br \/>\n<\/span><\/b><span style=\"font-size: large;\"><span style=\"font-size: large;\">Sameiet har montert videooverv\u00e5king av garasjeanlegget etter en rekke med innbrudd i boder og biler.<br \/>\n<\/span><\/span><\/div>\n<div class=\"content\">\n<p>Til tross for dette vil man ikke v\u00e6re 100% trygg. Det er viktig at tyveri blir meldt til styret s\u00e5 fort som mulig. Det er begrenset hvor lenge vi kan sitte p\u00e5 opptak tilbake i tid.<\/p>\n<p>Vi kan g\u00e5 igjennom og sikre opptak som vil overbringes politiet som vedlegg til en anmeldelsen.<\/p>\n<p>&#8211; La aldri port\u00e5pner eller n\u00f8kler til port ligge i bilen<br \/>\n&#8211; La ikke verdisaker ligge \u00e5penlyst<br \/>\n&#8211; Oppdager du noe mistenkelig eller tegn til innbrudd meld fra til politiet\/styret<\/p>\n<h2><span style=\"font-size: medium;\">Har du sp\u00f8rsm\u00e5l rundt dette kan disse rettes til styret.<\/span><\/h2>\n<\/div>\n<\/div>\n<\/div>\n","protected":false},"excerpt":{"rendered":"<p>Jessheim Hageby ll er videooverv\u00e5ket Sameiet har montert videooverv\u00e5king av garasjeanlegget etter en rekke med innbrudd i boder og biler. Til tross for dette vil man ikke v\u00e6re 100% trygg. Det er viktig at tyveri blir meldt til styret s\u00e5 fort som mulig. Det er begrenset hvor lenge vi kan sitte p\u00e5 opptak tilbake i &#8230; <a title=\"Sikkerhet\/overv\u00e5king\" class=\"read-more\" href=\"https:\/\/www.jessheimhageby2.com\/?page_id=53\" aria-label=\"Read more about Sikkerhet\/overv\u00e5king\">Les mer<\/a><\/p>\n","protected":false},"author":1,"featured_media":0,"parent":13,"menu_order":6,"comment_status":"closed","ping_status":"closed","template":"","meta":{"footnotes":""},"class_list":["post-53","page","type-page","status-publish"],"_links":{"self":[{"href":"https:\/\/www.jessheimhageby2.com\/index.php?rest_route=\/wp\/v2\/pages\/53","targetHints":{"allow":["GET"]}}],"collection":[{"href":"https:\/\/www.jessheimhageby2.com\/index.php?rest_route=\/wp\/v2\/pages"}],"about":[{"href":"https:\/\/www.jessheimhageby2.com\/index.php?rest_route=\/wp\/v2\/types\/page"}],"author":[{"embeddable":true,"href":"https:\/\/www.jessheimhageby2.com\/index.php?rest_route=\/wp\/v2\/users\/1"}],"replies":[{"embeddable":true,"href":"https:\/\/www.jessheimhageby2.com\/index.php?rest_route=%2Fwp%2Fv2%2Fcomments&post=53"}],"version-history":[{"count":4,"href":"https:\/\/www.jessheimhageby2.com\/index.php?rest_route=\/wp\/v2\/pages\/53\/revisions"}],"predecessor-version":[{"id":592,"href":"https:\/\/www.jessheimhageby2.com\/index.php?rest_route=\/wp\/v2\/pages\/53\/revisions\/592"}],"up":[{"embeddable":true,"href":"https:\/\/www.jessheimhageby2.com\/index.php?rest_route=\/wp\/v2\/pages\/13"}],"wp:attachment":[{"href":"https:\/\/www.jessheimhageby2.com\/index.php?rest_route=%2Fwp%2Fv2%2Fmedia&parent=53"}],"curies":[{"name":"wp","href":"https:\/\/api.w.org\/{rel}","templated":true}]}}