{"id":48,"date":"2018-12-03T21:24:59","date_gmt":"2018-12-03T20:24:59","guid":{"rendered":"http:\/\/brel36.no\/?page_id=48"},"modified":"2025-05-06T20:25:55","modified_gmt":"2025-05-06T18:25:55","slug":"gass","status":"publish","type":"page","link":"https:\/\/www.jessheimhageby2.com\/?page_id=48","title":{"rendered":"Gass"},"content":{"rendered":"<h2><strong>Dette gj\u00f8r du ved en gasslekkasje<\/strong><\/h2>\n<p>Propangass er tilsatt lukt slik at du raskt skal kunne oppdage lekkasje. Slik g\u00e5r du fram hvis du lukter gass eller p\u00e5 andre m\u00e5ter mistenker at det lekker ut propan hjemme.<\/p>\n<h2>Ved tegn p\u00e5 lekkasje<\/h2>\n<ul>\n<li>Steng for gassen (stengekran i skap p\u00e5 terrassen)<\/li>\n<li>Luft grundig ved \u00e5 \u00e5pne vinduer og d\u00f8rer<\/li>\n<li>Stopp bruken av \u00e5pen ild og elektriske apparater<\/li>\n<\/ul>\n<h2>Ved kullosutslipp og ubehag<\/h2>\n<ul>\n<li>Steng ventilen i leiligheten<\/li>\n<li>Luft ut rommet og s\u00f8k straks ut i frisk luft<\/li>\n<li>Kontakt lege<\/li>\n<li>Tilkall eventuelt brannvesen (n\u00f8dnummer 110) eller Politi (n\u00f8dnummer 112)<\/li>\n<\/ul>\n<h2>Ved alvorlig lekkasje og brann<\/h2>\n<ul>\n<li>Fors\u00f8k \u00e5 stenge ventilene i leiligheten<\/li>\n<li>S\u00f8rg for at alle personer kommer seg i sikker avstand fra brannstedet<\/li>\n<li>Ring brannvesenets n\u00f8dnummer 110<\/li>\n<li>Fors\u00f8k ikke \u00e5 slukke brannen selv<\/li>\n<\/ul>\n<p>P\u00e5lagt informasjon i forhold til beredskap ved gasslekkasje, p\u00e5lagt av Direktoratet for samfunnssikkerhet og beredskap.<\/p>\n<h2><strong>Service gasspeis<\/strong><\/h2>\n<p>Den \u00e5rlige servicen utf\u00f8res i henhold til lov om brannvern fra Brannvesen og DSB. Det er v\u00e5r avtalepartner Alfa Olis Gass &amp; VVS AS som utf\u00f8rer arbeidet.<\/p>\n<p>Seksjonseiere f\u00e5r tilsendt servicetidspunkt\u00a0\u00a0\u00a0(dato og klokkeslett), og m\u00e5 da s\u00f8rge for at leiligheten er tilgjengelig. Denne informasjonen g\u00e5r ut ca. 3 uker i forvegen. Det kan ikke p\u00e5regnes at styret er tilstede for \u00e5 l\u00e5se opp leiligheten. De som leier ut, m\u00e5 si fra til leietaker at det kommer servicefolk p\u00e5 kontroll.<\/p>\n<p>Det er viktig at service kan tas p\u00e5 avtalt tidspunkt. Dersom ikke det blir gjort, blir seksjonseier fakturert for de ekstra kostnader dette medf\u00f8rer.<\/p>\n<h2>Bestilling av gassuttak for gassgrill<\/h2>\n<p>Styret har inng\u00e5tt avtale om levering av gassuttak for gassgrill.<br \/>Avtalen kan benyttes av seksjonseiere i sameiet.<\/p>\n<p>Gassuttaket monteres ved leilighetens gass skap som er plassert p\u00e5 terrasse, balkong eller veranda. Leveransen inkluderer:<br \/>Selve gassuttaket, 3 meter slange til grillen og montering<br \/>Avtalen er inng\u00e5tt med: Alfa Olis Gass &amp; Vvs As, Gladengveien 16, 0655 Oslo<br \/>Bestilling og betaling gj\u00f8res direkte mellom seksjonseier og Alfa Olis,pris oppgis ogs\u00e5 fra dem p\u00e5 foresp\u00f8rsel.<\/p>\n<p>Kontaktinformasjon Alfa Olis:<br \/>E-post: <a href=\"mailto:firmapost@alfaolis.no\">firmapost@alfaolis.no<\/a> eller p\u00e5 telefon: 23 24 40 30<br \/><br \/>Ved bestilling m\u00e5 denne infoen oppgis:<\/p>\n<ul>\n<li>Avtale om levering av gassuttak for gassgrill til Boligsameiet Jessheim Hageby 1<\/li>\n<li>Bestillers \/seksjonseiers navn, adresse, telefonnummer og e-post adresse<\/li>\n<li>Kontaktperson med telefonnummer (hvis annen enn seksjonseier)<\/li>\n<li>Adresse og seksjonsnummer, hvor gassuttaket \u00f8nskes montert<\/li>\n<li>Fakturaadresse<\/li>\n<\/ul>\n<p>&nbsp;<\/p>\n\n\n<p><\/p>\n","protected":false},"excerpt":{"rendered":"<p>Dette gj\u00f8r du ved en gasslekkasje Propangass er tilsatt lukt slik at du raskt skal kunne oppdage lekkasje. Slik g\u00e5r du fram hvis du lukter gass eller p\u00e5 andre m\u00e5ter mistenker at det lekker ut propan hjemme. Ved tegn p\u00e5 lekkasje Steng for gassen (stengekran i skap p\u00e5 terrassen) Luft grundig ved \u00e5 \u00e5pne vinduer &#8230; <a title=\"Gass\" class=\"read-more\" href=\"https:\/\/www.jessheimhageby2.com\/?page_id=48\" aria-label=\"Read more about Gass\">Les mer<\/a><\/p>\n","protected":false},"author":1,"featured_media":0,"parent":13,"menu_order":4,"comment_status":"closed","ping_status":"closed","template":"","meta":{"footnotes":""},"class_list":["post-48","page","type-page","status-publish"],"_links":{"self":[{"href":"https:\/\/www.jessheimhageby2.com\/index.php?rest_route=\/wp\/v2\/pages\/48","targetHints":{"allow":["GET"]}}],"collection":[{"href":"https:\/\/www.jessheimhageby2.com\/index.php?rest_route=\/wp\/v2\/pages"}],"about":[{"href":"https:\/\/www.jessheimhageby2.com\/index.php?rest_route=\/wp\/v2\/types\/page"}],"author":[{"embeddable":true,"href":"https:\/\/www.jessheimhageby2.com\/index.php?rest_route=\/wp\/v2\/users\/1"}],"replies":[{"embeddable":true,"href":"https:\/\/www.jessheimhageby2.com\/index.php?rest_route=%2Fwp%2Fv2%2Fcomments&post=48"}],"version-history":[{"count":5,"href":"https:\/\/www.jessheimhageby2.com\/index.php?rest_route=\/wp\/v2\/pages\/48\/revisions"}],"predecessor-version":[{"id":1050,"href":"https:\/\/www.jessheimhageby2.com\/index.php?rest_route=\/wp\/v2\/pages\/48\/revisions\/1050"}],"up":[{"embeddable":true,"href":"https:\/\/www.jessheimhageby2.com\/index.php?rest_route=\/wp\/v2\/pages\/13"}],"wp:attachment":[{"href":"https:\/\/www.jessheimhageby2.com\/index.php?rest_route=%2Fwp%2Fv2%2Fmedia&parent=48"}],"curies":[{"name":"wp","href":"https:\/\/api.w.org\/{rel}","templated":true}]}}