{"id":36,"date":"2018-12-03T20:52:43","date_gmt":"2018-12-03T19:52:43","guid":{"rendered":"http:\/\/brel36.no\/?page_id=36"},"modified":"2025-12-29T11:50:44","modified_gmt":"2025-12-29T10:50:44","slug":"branninstruks-sameie-ii","status":"publish","type":"page","link":"https:\/\/www.jessheimhageby2.com\/?page_id=36","title":{"rendered":"Branninstruks"},"content":{"rendered":"<h2><\/h2>\n<table border=\"1\" width=\"560\" cellspacing=\"0\" cellpadding=\"0\">\n<tbody>\n<tr>\n<td valign=\"top\" width=\"54\"><strong>\u00a01.<\/strong><\/td>\n<td valign=\"top\" width=\"212\"><strong>\u00a0Varsle<\/strong><\/td>\n<td valign=\"top\" width=\"293\">Oppdages brann eller r\u00f8yk skal brannvesenet varsles umiddelbart.<\/p>\n<p>Ring brannvesenets telefon\u00a0<em><strong>110<\/strong><\/em>.<\/p>\n<p>Fors\u00f8k \u00e5 varsle alle i n\u00e6rheten:<br \/>\n<strong>Rop \u201dBRANN\u201d, bank p\u00e5 d\u00f8rer, bruk d\u00f8rklokker.<\/strong><\/td>\n<\/tr>\n<tr>\n<td valign=\"top\" width=\"54\"><strong>\u00a02<\/strong><strong>.<\/strong><\/td>\n<td valign=\"top\" width=\"212\"><strong>\u00a0Evakuere<\/strong><\/td>\n<td valign=\"top\" width=\"293\">Evakuer bygningen umiddelbart.<br \/>\nBarn, eldre og uf\u00f8re hjelpes.<\/p>\n<p>Heisene skal <strong>ikke<\/strong> brukes.<br \/>\nSamlingssted\u00a0Romsaas-parken.<\/p>\n<p>Ved brann\/r\u00f8yk i r\u00f8mningsveiene bli i leilighetene.<br \/>\nBrannvesen og politi vil organisere evakuering.<\/td>\n<\/tr>\n<tr>\n<td valign=\"top\" width=\"54\"><strong>\u00a03.<\/strong><\/td>\n<td valign=\"top\" width=\"212\"><strong>\u00a0Slukke<\/strong><\/td>\n<td valign=\"top\" width=\"293\">Hvis brannen er liten, fors\u00f8k \u00e5 slukke.<\/p>\n<p>Bruk tilgjengelig slukkeutstyr.<\/p>\n<p><strong>Ta ingen sjanser!<\/strong><\/td>\n<\/tr>\n<tr>\n<td valign=\"top\" width=\"54\"><strong>\u00a04.<\/strong><\/td>\n<td valign=\"top\" width=\"212\"><strong>\u00a0Begrense<\/strong><\/td>\n<td valign=\"top\" width=\"293\">Lukk vinduer og d\u00f8rer for \u00e5 begrense brannen.<\/td>\n<\/tr>\n<tr>\n<td valign=\"top\" width=\"54\"><strong>\u00a05.<\/strong><\/td>\n<td valign=\"top\" width=\"212\"><strong>\u00a0Veilede<\/strong><\/td>\n<td valign=\"top\" width=\"293\">M\u00f8t brannvesenet p\u00e5 avtalt sted, informer.<br \/>\n<strong><br \/>\n<\/strong><\/td>\n<\/tr>\n<\/tbody>\n<\/table>\n<p style=\"font-weight: 400;\">\n<p><b><strong>Brannberedskap &#8211; Krav i hver leilighet<\/strong><\/b><\/p>\n<p style=\"font-weight: 400;\">&#8211;\u00a0\u00a0\u00a0\u00a0\u00a0\u00a0\u00a0\u00a0\u00a0Sprinkleranlegg \u2013 Sprinklerhoder m\u00e5 ikke tildekkes.<\/p>\n<p style=\"font-weight: 400;\">&#8211;\u00a0 \u00a0 \u00a0 \u00a0 \u00a0Godkjent r\u00f8ykvarsler \u2013 Flere r\u00f8ykvarslere anbefales.<\/p>\n<p style=\"font-weight: 400;\">&#8211;\u00a0\u00a0\u00a0\u00a0\u00a0\u00a0\u00a0\u00a0\u00a0Brannslukningsapparat \u2013 Brukes og kontrolleres iht. instruksjon p\u00e5 apparatet.<\/p>\n<p style=\"font-weight: 400;\"><b><strong><br \/>\nBrannberedskap \u2013 Garasjeanlegget<\/strong><\/b><\/p>\n<p style=\"font-weight: 400;\">&#8211;\u00a0 \u00a0 \u00a0 \u00a0 \u00a0Sprinkleranlegg.<\/p>\n<p style=\"font-weight: 400;\">&#8211;\u00a0\u00a0\u00a0\u00a0\u00a0\u00a0\u00a0\u00a0\u00a0R\u00f8ykvarslere, tilknyttet brannvarslingsanlegget.<\/p>\n<p style=\"font-weight: 400;\">&#8211;\u00a0\u00a0\u00a0\u00a0\u00a0\u00a0\u00a0\u00a0\u00a0Brannslange ved hver oppgang, hvitt skap.<\/p>\n<p style=\"font-weight: 400;\">&#8211;\u00a0\u00a0\u00a0\u00a0\u00a0\u00a0\u00a0\u00a0\u00a0Merkede r\u00f8mningsveier.<\/p>\n<p style=\"font-weight: 400;\"><b><strong><br \/>\nAlarmsentraler\/branntavler og undersentraler<br \/>\n<\/strong><\/b>I garasjen ved porten er hovedsentralen plassert, det sitter undersentraler i S\u00e5vegen 15, 17 og 19 i gang 1. etg.<br \/>\nAlarm utl\u00f8ses fra r\u00f8ykvarslere, alarmklokkene aktiveres, n\u00f8dlys blir aktivisert, branngardiner aktiveres og g\u00e5r ned.<br \/>\nAlle heiser g\u00e5r ned til 1. etasje og blir st\u00e5ende.<\/p>\n<p style=\"font-weight: 400;\"><b><strong>Samtidig sendes det via hovedsentralen\/tavla automatisk melding til 110-sentralen<\/strong><\/b>.<br \/>\nVed utl\u00f8st alarm vil Brannvesenet opps\u00f8ke hovedsentralen ved innkj\u00f8ringen til garasjen.<br \/>\nDet er Brannvesenet som avstiller en eventuell alarm n\u00e5r denne er utl\u00f8st.<br \/>\nIkke avstill alarmen f\u00f8r du er helt sikker p\u00e5 at det IKKE er brann.<\/p>\n<p style=\"font-weight: 400;\"><b><strong>Brannvarslere i S\u00e5vegen 15, 17 og 19 er seriekoblet og utl\u00f8ser alarm i alle leiligheter og trappeoppganger<\/strong><\/b>.<br \/>\nOm alarmen g\u00e5r m\u00e5 ikke beboerne r\u00f8re disse varslerne (skru ut\/l\u00f8sne ledninger), linjene kan da bli brutt, varslerne \u00f8delagte og dette kan medf\u00f8re store reparasjonskostnader som kan bli belastete den enkelte beboer\/seksjonseier.<\/p>\n<p style=\"font-weight: 400;\"><b><strong>Falsk alarm<br \/>\n<\/strong><\/b>Om du skulle utl\u00f8se brannvarsleren\/alarmen ved et uhell (steking av mat e.l.) kan du sjekke undersentralen i 1. etg. Trappeoppgang.<br \/>\nEr det din leilighet som vises i displayet kan du avstille alarmen (se egen instruks ved sentralen).<br \/>\nDu har 8 minutter til r\u00e5dighet f\u00f8r brannvesenet alarmeres.<\/p>\n<p style=\"font-weight: 400;\">Du kan kontakte brannvesenet p\u00e5 telefon 110 eller p\u00e5 telefonnummer 67 97 81 40 som vist p\u00e5 undersentralen.<\/p>\n","protected":false},"excerpt":{"rendered":"<p>\u00a01. \u00a0Varsle Oppdages brann eller r\u00f8yk skal brannvesenet varsles umiddelbart. Ring brannvesenets telefon\u00a0110. Fors\u00f8k \u00e5 varsle alle i n\u00e6rheten: Rop \u201dBRANN\u201d, bank p\u00e5 d\u00f8rer, bruk d\u00f8rklokker. \u00a02. \u00a0Evakuere Evakuer bygningen umiddelbart. Barn, eldre og uf\u00f8re hjelpes. Heisene skal ikke brukes. Samlingssted\u00a0Romsaas-parken. Ved brann\/r\u00f8yk i r\u00f8mningsveiene bli i leilighetene. Brannvesen og politi vil organisere evakuering. \u00a03. &#8230; <a title=\"Branninstruks\" class=\"read-more\" href=\"https:\/\/www.jessheimhageby2.com\/?page_id=36\" aria-label=\"Read more about Branninstruks\">Les mer<\/a><\/p>\n","protected":false},"author":1,"featured_media":0,"parent":13,"menu_order":2,"comment_status":"closed","ping_status":"closed","template":"","meta":{"footnotes":""},"class_list":["post-36","page","type-page","status-publish"],"_links":{"self":[{"href":"https:\/\/www.jessheimhageby2.com\/index.php?rest_route=\/wp\/v2\/pages\/36","targetHints":{"allow":["GET"]}}],"collection":[{"href":"https:\/\/www.jessheimhageby2.com\/index.php?rest_route=\/wp\/v2\/pages"}],"about":[{"href":"https:\/\/www.jessheimhageby2.com\/index.php?rest_route=\/wp\/v2\/types\/page"}],"author":[{"embeddable":true,"href":"https:\/\/www.jessheimhageby2.com\/index.php?rest_route=\/wp\/v2\/users\/1"}],"replies":[{"embeddable":true,"href":"https:\/\/www.jessheimhageby2.com\/index.php?rest_route=%2Fwp%2Fv2%2Fcomments&post=36"}],"version-history":[{"count":3,"href":"https:\/\/www.jessheimhageby2.com\/index.php?rest_route=\/wp\/v2\/pages\/36\/revisions"}],"predecessor-version":[{"id":607,"href":"https:\/\/www.jessheimhageby2.com\/index.php?rest_route=\/wp\/v2\/pages\/36\/revisions\/607"}],"up":[{"embeddable":true,"href":"https:\/\/www.jessheimhageby2.com\/index.php?rest_route=\/wp\/v2\/pages\/13"}],"wp:attachment":[{"href":"https:\/\/www.jessheimhageby2.com\/index.php?rest_route=%2Fwp%2Fv2%2Fmedia&parent=36"}],"curies":[{"name":"wp","href":"https:\/\/api.w.org\/{rel}","templated":true}]}}