{"id":14,"date":"2018-12-02T09:56:49","date_gmt":"2018-12-02T08:56:49","guid":{"rendered":"http:\/\/brel36.no\/?page_id=14"},"modified":"2026-04-13T12:56:35","modified_gmt":"2026-04-13T10:56:35","slug":"sameiermoter","status":"publish","type":"page","link":"https:\/\/www.jessheimhageby2.com\/?page_id=14","title":{"rendered":"\u00c5rsm\u00f8ter"},"content":{"rendered":"\n<div data-wp-interactive=\"core\/file\" class=\"wp-block-file\"><object data-wp-bind--hidden=\"!state.hasPdfPreview\" hidden class=\"wp-block-file__embed\" data=\"https:\/\/www.jessheimhageby2.com\/wp-content\/uploads\/2024\/04\/Arsmote-2019.pdf\" type=\"application\/pdf\" style=\"width:100%;height:600px\" aria-label=\"Innbygging av \u00c5rsm\u00f8te 2019\"><\/object><a id=\"wp-block-file--media-fb365055-da37-4596-a8d5-98aec68bee22\" href=\"https:\/\/www.jessheimhageby2.com\/wp-content\/uploads\/2024\/04\/Arsmote-2019.pdf\">\u00c5rsm\u00f8te 2019<\/a><a href=\"https:\/\/www.jessheimhageby2.com\/wp-content\/uploads\/2024\/04\/Arsmote-2019.pdf\" class=\"wp-block-file__button wp-element-button\" download aria-describedby=\"wp-block-file--media-fb365055-da37-4596-a8d5-98aec68bee22\">Last ned<\/a><\/div>\n\n\n\n<div data-wp-interactive=\"core\/file\" class=\"wp-block-file\"><object data-wp-bind--hidden=\"!state.hasPdfPreview\" hidden class=\"wp-block-file__embed\" data=\"https:\/\/www.jessheimhageby2.com\/wp-content\/uploads\/2024\/04\/Arsmote-2020.pdf\" type=\"application\/pdf\" style=\"width:100%;height:600px\" aria-label=\"Innbygging av \u00c5rsm\u00f8te 2020\"><\/object><a id=\"wp-block-file--media-55de74ae-beea-4535-892c-43b0393d7bab\" href=\"https:\/\/www.jessheimhageby2.com\/wp-content\/uploads\/2024\/04\/Arsmote-2020.pdf\">\u00c5rsm\u00f8te 2020<\/a><a href=\"https:\/\/www.jessheimhageby2.com\/wp-content\/uploads\/2024\/04\/Arsmote-2020.pdf\" class=\"wp-block-file__button wp-element-button\" download aria-describedby=\"wp-block-file--media-55de74ae-beea-4535-892c-43b0393d7bab\">Last ned<\/a><\/div>\n\n\n\n<div data-wp-interactive=\"core\/file\" class=\"wp-block-file\"><object data-wp-bind--hidden=\"!state.hasPdfPreview\" hidden class=\"wp-block-file__embed\" data=\"https:\/\/www.jessheimhageby2.com\/wp-content\/uploads\/2024\/04\/Arsmote-2021.pdf\" type=\"application\/pdf\" style=\"width:100%;height:600px\" aria-label=\"Innbygging av \u00c5rsm\u00f8te 2021\"><\/object><a id=\"wp-block-file--media-8882f3eb-40c7-48b8-a77f-52d329db4627\" href=\"https:\/\/www.jessheimhageby2.com\/wp-content\/uploads\/2024\/04\/Arsmote-2021.pdf\">\u00c5rsm\u00f8te 2021<\/a><a href=\"https:\/\/www.jessheimhageby2.com\/wp-content\/uploads\/2024\/04\/Arsmote-2021.pdf\" class=\"wp-block-file__button wp-element-button\" download aria-describedby=\"wp-block-file--media-8882f3eb-40c7-48b8-a77f-52d329db4627\">Last ned<\/a><\/div>\n\n\n\n<div data-wp-interactive=\"core\/file\" class=\"wp-block-file\"><object data-wp-bind--hidden=\"!state.hasPdfPreview\" hidden class=\"wp-block-file__embed\" data=\"https:\/\/www.jessheimhageby2.com\/wp-content\/uploads\/2024\/04\/Arsmote-2022.pdf\" type=\"application\/pdf\" style=\"width:100%;height:600px\" aria-label=\"Innbygging av \u00c5rsm\u00f8te 2022\"><\/object><a id=\"wp-block-file--media-6c8616a7-2c40-483d-81d3-397bc1b84bec\" href=\"https:\/\/www.jessheimhageby2.com\/wp-content\/uploads\/2024\/04\/Arsmote-2022.pdf\">\u00c5rsm\u00f8te 2022<\/a><a href=\"https:\/\/www.jessheimhageby2.com\/wp-content\/uploads\/2024\/04\/Arsmote-2022.pdf\" class=\"wp-block-file__button wp-element-button\" download aria-describedby=\"wp-block-file--media-6c8616a7-2c40-483d-81d3-397bc1b84bec\">Last ned<\/a><\/div>\n\n\n\n<div data-wp-interactive=\"core\/file\" class=\"wp-block-file\"><object data-wp-bind--hidden=\"!state.hasPdfPreview\" hidden class=\"wp-block-file__embed\" data=\"https:\/\/www.jessheimhageby2.com\/wp-content\/uploads\/2024\/04\/Arsmote-2023.pdf\" type=\"application\/pdf\" style=\"width:100%;height:600px\" aria-label=\"Innbygging av \u00c5rsm\u00f8te 2023\"><\/object><a id=\"wp-block-file--media-a2964272-0beb-479d-a9a5-79633a5af946\" href=\"https:\/\/www.jessheimhageby2.com\/wp-content\/uploads\/2024\/04\/Arsmote-2023.pdf\">\u00c5rsm\u00f8te 2023<\/a><a href=\"https:\/\/www.jessheimhageby2.com\/wp-content\/uploads\/2024\/04\/Arsmote-2023.pdf\" class=\"wp-block-file__button wp-element-button\" download aria-describedby=\"wp-block-file--media-a2964272-0beb-479d-a9a5-79633a5af946\">Last ned<\/a><\/div>\n\n\n\n<div data-wp-interactive=\"core\/file\" class=\"wp-block-file\"><object data-wp-bind--hidden=\"!state.hasPdfPreview\" hidden class=\"wp-block-file__embed\" data=\"https:\/\/www.jessheimhageby2.com\/wp-content\/uploads\/2024\/04\/Protokoll-arsmote-2024.pdf\" type=\"application\/pdf\" style=\"width:100%;height:600px\" aria-label=\"Innbygging av Protokoll-arsmote-2024\"><\/object><a id=\"wp-block-file--media-e67cae11-a213-4c1f-872f-d998786e470f\" href=\"https:\/\/www.jessheimhageby2.com\/wp-content\/uploads\/2024\/04\/Protokoll-arsmote-2024.pdf\">Protokoll-arsmote-2024<\/a><a href=\"https:\/\/www.jessheimhageby2.com\/wp-content\/uploads\/2024\/04\/Protokoll-arsmote-2024.pdf\" class=\"wp-block-file__button wp-element-button\" download aria-describedby=\"wp-block-file--media-e67cae11-a213-4c1f-872f-d998786e470f\">Last ned<\/a><\/div>\n\n\n\n<div data-wp-interactive=\"core\/file\" class=\"wp-block-file\"><object data-wp-bind--hidden=\"!state.hasPdfPreview\" hidden class=\"wp-block-file__embed\" data=\"https:\/\/www.jessheimhageby2.com\/wp-content\/uploads\/2026\/04\/306-Ordinaert-arsmote-2025.pdf\" type=\"application\/pdf\" style=\"width:100%;height:600px\" aria-label=\"Innbygging av 306 - Ordin\u00e6rt \u00e5rsm\u00f8te 2025\"><\/object><a id=\"wp-block-file--media-2a119e7a-d755-4bad-81f2-6b8fe0898fac\" href=\"https:\/\/www.jessheimhageby2.com\/wp-content\/uploads\/2026\/04\/306-Ordinaert-arsmote-2025.pdf\">306 &#8211; Ordin\u00e6rt \u00e5rsm\u00f8te 2025<\/a><a href=\"https:\/\/www.jessheimhageby2.com\/wp-content\/uploads\/2026\/04\/306-Ordinaert-arsmote-2025.pdf\" class=\"wp-block-file__button wp-element-button\" download aria-describedby=\"wp-block-file--media-2a119e7a-d755-4bad-81f2-6b8fe0898fac\">Last ned<\/a><\/div>\n\n\n\n<div data-wp-interactive=\"core\/file\" class=\"wp-block-file\"><object data-wp-bind--hidden=\"!state.hasPdfPreview\" hidden class=\"wp-block-file__embed\" data=\"https:\/\/www.jessheimhageby2.com\/wp-content\/uploads\/2026\/04\/arsmote-2026.pdf\" type=\"application\/pdf\" style=\"width:100%;height:600px\" aria-label=\"Innbygging av \u00e5rsm\u00f8te 2026\"><\/object><a id=\"wp-block-file--media-ee7debf7-2425-4d75-bcf6-96c586c9e7cf\" href=\"https:\/\/www.jessheimhageby2.com\/wp-content\/uploads\/2026\/04\/arsmote-2026.pdf\">\u00e5rsm\u00f8te 2026<\/a><a href=\"https:\/\/www.jessheimhageby2.com\/wp-content\/uploads\/2026\/04\/arsmote-2026.pdf\" class=\"wp-block-file__button wp-element-button\" download aria-describedby=\"wp-block-file--media-ee7debf7-2425-4d75-bcf6-96c586c9e7cf\">Last ned<\/a><\/div>\n\n\n\n<p><\/p>\n","protected":false},"excerpt":{"rendered":"","protected":false},"author":1,"featured_media":0,"parent":8,"menu_order":0,"comment_status":"closed","ping_status":"closed","template":"","meta":{"footnotes":""},"class_list":["post-14","page","type-page","status-publish"],"_links":{"self":[{"href":"https:\/\/www.jessheimhageby2.com\/index.php?rest_route=\/wp\/v2\/pages\/14","targetHints":{"allow":["GET"]}}],"collection":[{"href":"https:\/\/www.jessheimhageby2.com\/index.php?rest_route=\/wp\/v2\/pages"}],"about":[{"href":"https:\/\/www.jessheimhageby2.com\/index.php?rest_route=\/wp\/v2\/types\/page"}],"author":[{"embeddable":true,"href":"https:\/\/www.jessheimhageby2.com\/index.php?rest_route=\/wp\/v2\/users\/1"}],"replies":[{"embeddable":true,"href":"https:\/\/www.jessheimhageby2.com\/index.php?rest_route=%2Fwp%2Fv2%2Fcomments&post=14"}],"version-history":[{"count":7,"href":"https:\/\/www.jessheimhageby2.com\/index.php?rest_route=\/wp\/v2\/pages\/14\/revisions"}],"predecessor-version":[{"id":1117,"href":"https:\/\/www.jessheimhageby2.com\/index.php?rest_route=\/wp\/v2\/pages\/14\/revisions\/1117"}],"up":[{"embeddable":true,"href":"https:\/\/www.jessheimhageby2.com\/index.php?rest_route=\/wp\/v2\/pages\/8"}],"wp:attachment":[{"href":"https:\/\/www.jessheimhageby2.com\/index.php?rest_route=%2Fwp%2Fv2%2Fmedia&parent=14"}],"curies":[{"name":"wp","href":"https:\/\/api.w.org\/{rel}","templated":true}]}}